{"id":1027,"date":"2023-03-19T17:01:14","date_gmt":"2023-03-19T17:01:14","guid":{"rendered":"https:\/\/wertigo.com\/?page_id=1027"},"modified":"2023-04-27T15:13:52","modified_gmt":"2023-04-27T14:13:52","slug":"boende-vid-vindelalven","status":"publish","type":"page","link":"https:\/\/wertigo.com\/en\/boende-vid-vindelalven\/","title":{"rendered":"Stay by the Vindel\u00e4lven riverside"},"content":{"rendered":"<p>Semesterboende i eget hus, n\u00e4ra natur och aktiviteter. Boende perfekt f\u00f6r st\u00f6rre s\u00e4llskap eller tv\u00e5 familjer.<\/p>","protected":false},"excerpt":{"rendered":"<p>Semesterboende i eget hus, n\u00e4ra natur och aktiviteter. Boende perfekt f\u00f6r st\u00f6rre s\u00e4llskap eller tv\u00e5 familjer.<\/p>","protected":false},"author":1,"featured_media":79,"parent":0,"menu_order":0,"comment_status":"closed","ping_status":"closed","template":"","meta":{"footnotes":""},"class_list":["post-1027","page","type-page","status-publish","has-post-thumbnail","hentry"],"_links":{"self":[{"href":"https:\/\/wertigo.com\/en\/wp-json\/wp\/v2\/pages\/1027","targetHints":{"allow":["GET"]}}],"collection":[{"href":"https:\/\/wertigo.com\/en\/wp-json\/wp\/v2\/pages"}],"about":[{"href":"https:\/\/wertigo.com\/en\/wp-json\/wp\/v2\/types\/page"}],"author":[{"embeddable":true,"href":"https:\/\/wertigo.com\/en\/wp-json\/wp\/v2\/users\/1"}],"replies":[{"embeddable":true,"href":"https:\/\/wertigo.com\/en\/wp-json\/wp\/v2\/comments?post=1027"}],"version-history":[{"count":5,"href":"https:\/\/wertigo.com\/en\/wp-json\/wp\/v2\/pages\/1027\/revisions"}],"predecessor-version":[{"id":1455,"href":"https:\/\/wertigo.com\/en\/wp-json\/wp\/v2\/pages\/1027\/revisions\/1455"}],"wp:featuredmedia":[{"embeddable":true,"href":"https:\/\/wertigo.com\/en\/wp-json\/wp\/v2\/media\/79"}],"wp:attachment":[{"href":"https:\/\/wertigo.com\/en\/wp-json\/wp\/v2\/media?parent=1027"}],"curies":[{"name":"wp","href":"https:\/\/api.w.org\/{rel}","templated":true}]}}