{"id":1029,"date":"2023-03-19T17:02:36","date_gmt":"2023-03-19T17:02:36","guid":{"rendered":"https:\/\/wertigo.com\/?page_id=1029"},"modified":"2023-04-27T15:11:18","modified_gmt":"2023-04-27T14:11:18","slug":"aktiviterer-och-naturupplevelser-for-hela-familjen","status":"publish","type":"page","link":"https:\/\/wertigo.com\/en\/aktiviterer-och-naturupplevelser-for-hela-familjen\/","title":{"rendered":"Nature experiences for the whole family"},"content":{"rendered":"<p>Fiska, vandra, paddla och bad. L\u00e5ngf\u00e4rdsskidor, skridskor, hundsl\u00e4dturer, pulka och nedf\u00f6rs\u00e5kning.<\/p>","protected":false},"excerpt":{"rendered":"<p>Fiska, vandra, paddla och bad. L\u00e5ngf\u00e4rdsskidor, skridskor, hundsl\u00e4dturer, pulka och nedf\u00f6rs\u00e5kning.<\/p>","protected":false},"author":1,"featured_media":1261,"parent":0,"menu_order":0,"comment_status":"closed","ping_status":"closed","template":"","meta":{"footnotes":""},"class_list":["post-1029","page","type-page","status-publish","has-post-thumbnail","hentry"],"_links":{"self":[{"href":"https:\/\/wertigo.com\/en\/wp-json\/wp\/v2\/pages\/1029","targetHints":{"allow":["GET"]}}],"collection":[{"href":"https:\/\/wertigo.com\/en\/wp-json\/wp\/v2\/pages"}],"about":[{"href":"https:\/\/wertigo.com\/en\/wp-json\/wp\/v2\/types\/page"}],"author":[{"embeddable":true,"href":"https:\/\/wertigo.com\/en\/wp-json\/wp\/v2\/users\/1"}],"replies":[{"embeddable":true,"href":"https:\/\/wertigo.com\/en\/wp-json\/wp\/v2\/comments?post=1029"}],"version-history":[{"count":4,"href":"https:\/\/wertigo.com\/en\/wp-json\/wp\/v2\/pages\/1029\/revisions"}],"predecessor-version":[{"id":1386,"href":"https:\/\/wertigo.com\/en\/wp-json\/wp\/v2\/pages\/1029\/revisions\/1386"}],"wp:featuredmedia":[{"embeddable":true,"href":"https:\/\/wertigo.com\/en\/wp-json\/wp\/v2\/media\/1261"}],"wp:attachment":[{"href":"https:\/\/wertigo.com\/en\/wp-json\/wp\/v2\/media?parent=1029"}],"curies":[{"name":"wp","href":"https:\/\/api.w.org\/{rel}","templated":true}]}}