{"id":57,"date":"2023-03-15T15:49:37","date_gmt":"2023-03-15T15:49:37","guid":{"rendered":"https:\/\/wertigo.com\/?page_id=57"},"modified":"2023-04-27T15:20:19","modified_gmt":"2023-04-27T14:20:19","slug":"valkommen","status":"publish","type":"page","link":"https:\/\/wertigo.com\/en\/","title":{"rendered":"Welcome"},"content":{"rendered":"<p>Midnattssol eller norrsken. H\u00e4r finns ett eget hus med 4 sovrum att hyra och alla bekv\u00e4mligheter d\u00e4rtill. H\u00e4r bor du med naturen som fokus. Huset \u00e4r placerat p\u00e5 uppe p\u00e5 en sl\u00e4nt med fantastik ost\u00f6rd utsikt \u00f6ver Vindel\u00e4lven och Middagsberget. Fem minuters promenad fr\u00e5n matbutik och restaurang 363:an.<br>H\u00e4r kan du fiska, bada, plocka svamp eller b\u00e4r. Allt runt husknuten. I n\u00e4romr\u00e5det finns m\u00f6jlighet till utflykter med hundsl\u00e4dar eller kanoter samt exklusiva vandringar med \u00f6vernattning i naturen.<br>Huset \u00e4r v\u00e4lutrustad f\u00f6r ett st\u00f6rre s\u00e4llskap eller tv\u00e5 familjer. Ett trevligt och stort k\u00f6k med diskmaskin och all v\u00e4sentlig utrustning. Allrum med soffa, TV och stort matbord f\u00f6r 10 personer.<br>2 sovrum uppe, med totalt 4 platser, och tv\u00e5 sovrum nere med ytterligare 4 sovplatser. Nederv\u00e5ningen har \u00e4ven en separat ing\u00e5ng utifr\u00e5n. Det finns en stor takad balkong med fantastisk utsikt mot Vindel\u00e4lven och Middagsberget. Uteplats p\u00e5 tomten som kan nyttjas p\u00e5 sommaren. Kaklat badrum med dusch och fullt utrustad tv\u00e4ttstuga p\u00e5 nederv\u00e5ningen.<br>Parking with room for 3 -4 cars.<br>The nearest larger town is Lycksele, about 40 km from Rusksele.\n\n\nRusksele village is next to the Vindel\u00e4lven. 40 km from Lycksele and 23 km from M\u00e5rdseleforsen.<\/p>\n\n\n\n<p>The minimum age for those who book is 25 years.<br><br><br>Rusksele village is next to the Vindel\u00e4lven. 40 km from Lycksele and 23 km from M\u00e5rdseleforsen.<\/p>\n\n\n\n<figure class=\"wp-block-gallery has-nested-images columns-default is-cropped wp-block-gallery-1 is-layout-flex wp-block-gallery-is-layout-flex\">\n<figure class=\"wp-block-image size-large\"><a href=\"https:\/\/www.wildlapland.se\/\"><img fetchpriority=\"high\" decoding=\"async\" width=\"1024\" height=\"684\" data-id=\"1281\" src=\"https:\/\/wertigo.com\/wp-content\/uploads\/2023\/03\/DSC07779-1024x684-1.jpg\" alt=\"\" class=\"wp-image-1281\" srcset=\"https:\/\/wertigo.com\/wp-content\/uploads\/2023\/03\/DSC07779-1024x684-1.jpg 1024w, https:\/\/wertigo.com\/wp-content\/uploads\/2023\/03\/DSC07779-1024x684-1-300x200.jpg 300w, https:\/\/wertigo.com\/wp-content\/uploads\/2023\/03\/DSC07779-1024x684-1-768x513.jpg 768w, https:\/\/wertigo.com\/wp-content\/uploads\/2023\/03\/DSC07779-1024x684-1-18x12.jpg 18w, https:\/\/wertigo.com\/wp-content\/uploads\/2023\/03\/DSC07779-1024x684-1-600x400.jpg 600w\" sizes=\"(max-width: 1024px) 100vw, 1024px\" \/><\/a><figcaption class=\"wp-element-caption\">Bild: Wild Lapland <br><\/figcaption><\/figure>\n\n\n\n<figure class=\"wp-block-image size-full\"><img decoding=\"async\" width=\"984\" height=\"738\" data-id=\"1300\" src=\"https:\/\/wertigo.com\/wp-content\/uploads\/2023\/03\/IMG_3813-1-1-1024x768-1.jpg\" alt=\"\" class=\"wp-image-1300\" srcset=\"https:\/\/wertigo.com\/wp-content\/uploads\/2023\/03\/IMG_3813-1-1-1024x768-1.jpg 984w, https:\/\/wertigo.com\/wp-content\/uploads\/2023\/03\/IMG_3813-1-1-1024x768-1-300x225.jpg 300w, https:\/\/wertigo.com\/wp-content\/uploads\/2023\/03\/IMG_3813-1-1-1024x768-1-768x576.jpg 768w, https:\/\/wertigo.com\/wp-content\/uploads\/2023\/03\/IMG_3813-1-1-1024x768-1-16x12.jpg 16w\" sizes=\"(max-width: 984px) 100vw, 984px\" \/><figcaption class=\"wp-element-caption\">Strandpromenad<\/figcaption><\/figure>\n\n\n\n<figure class=\"wp-block-image size-large\"><img decoding=\"async\" width=\"1024\" height=\"732\" data-id=\"1355\" src=\"https:\/\/wertigo.com\/wp-content\/uploads\/2023\/04\/djurpak_4-1024x732.jpg\" alt=\"\" class=\"wp-image-1355\" srcset=\"https:\/\/wertigo.com\/wp-content\/uploads\/2023\/04\/djurpak_4-1024x732.jpg 1024w, https:\/\/wertigo.com\/wp-content\/uploads\/2023\/04\/djurpak_4-300x214.jpg 300w, https:\/\/wertigo.com\/wp-content\/uploads\/2023\/04\/djurpak_4-768x549.jpg 768w, https:\/\/wertigo.com\/wp-content\/uploads\/2023\/04\/djurpak_4-18x12.jpg 18w, https:\/\/wertigo.com\/wp-content\/uploads\/2023\/04\/djurpak_4.jpg 1166w\" sizes=\"(max-width: 1024px) 100vw, 1024px\" \/><figcaption class=\"wp-element-caption\">Lycksele djurpark<\/figcaption><\/figure>\n\n\n\n<figure class=\"wp-block-image size-large\"><img loading=\"lazy\" decoding=\"async\" width=\"1024\" height=\"485\" data-id=\"79\" src=\"https:\/\/wertigo.com\/wp-content\/uploads\/2023\/03\/notvarpet-webb-1024x485.jpg\" alt=\"\" class=\"wp-image-79\" srcset=\"https:\/\/wertigo.com\/wp-content\/uploads\/2023\/03\/notvarpet-webb-1024x485.jpg 1024w, https:\/\/wertigo.com\/wp-content\/uploads\/2023\/03\/notvarpet-webb-300x142.jpg 300w, https:\/\/wertigo.com\/wp-content\/uploads\/2023\/03\/notvarpet-webb-768x364.jpg 768w, https:\/\/wertigo.com\/wp-content\/uploads\/2023\/03\/notvarpet-webb.jpg 1300w\" sizes=\"(max-width: 1024px) 100vw, 1024px\" \/><figcaption class=\"wp-element-caption\">Vindel\u00e4lven<\/figcaption><\/figure>\n\n\n\n<figure class=\"wp-block-image size-full\"><img loading=\"lazy\" decoding=\"async\" width=\"600\" height=\"625\" data-id=\"1345\" src=\"https:\/\/wertigo.com\/wp-content\/uploads\/2023\/04\/wertigo-logga600.jpg\" alt=\"\" class=\"wp-image-1345\" srcset=\"https:\/\/wertigo.com\/wp-content\/uploads\/2023\/04\/wertigo-logga600.jpg 600w, https:\/\/wertigo.com\/wp-content\/uploads\/2023\/04\/wertigo-logga600-288x300.jpg 288w, https:\/\/wertigo.com\/wp-content\/uploads\/2023\/04\/wertigo-logga600-12x12.jpg 12w\" sizes=\"(max-width: 600px) 100vw, 600px\" \/><\/figure>\n\n\n\n<figure class=\"wp-block-image size-full\"><img loading=\"lazy\" decoding=\"async\" width=\"996\" height=\"732\" data-id=\"1298\" src=\"https:\/\/wertigo.com\/wp-content\/uploads\/2023\/03\/IMG_3927-1024x768-1.jpg\" alt=\"\" class=\"wp-image-1298\" srcset=\"https:\/\/wertigo.com\/wp-content\/uploads\/2023\/03\/IMG_3927-1024x768-1.jpg 996w, https:\/\/wertigo.com\/wp-content\/uploads\/2023\/03\/IMG_3927-1024x768-1-300x220.jpg 300w, https:\/\/wertigo.com\/wp-content\/uploads\/2023\/03\/IMG_3927-1024x768-1-768x564.jpg 768w, https:\/\/wertigo.com\/wp-content\/uploads\/2023\/03\/IMG_3927-1024x768-1-16x12.jpg 16w\" sizes=\"(max-width: 996px) 100vw, 996px\" \/><\/figure>\n\n\n\n<figure class=\"wp-block-image size-large\"><img loading=\"lazy\" decoding=\"async\" width=\"683\" height=\"1024\" data-id=\"1365\" src=\"https:\/\/wertigo.com\/wp-content\/uploads\/2023\/04\/djurpak_14-683x1024.jpg\" alt=\"\" class=\"wp-image-1365\" srcset=\"https:\/\/wertigo.com\/wp-content\/uploads\/2023\/04\/djurpak_14-683x1024.jpg 683w, https:\/\/wertigo.com\/wp-content\/uploads\/2023\/04\/djurpak_14-200x300.jpg 200w, https:\/\/wertigo.com\/wp-content\/uploads\/2023\/04\/djurpak_14-768x1152.jpg 768w, https:\/\/wertigo.com\/wp-content\/uploads\/2023\/04\/djurpak_14-1024x1536.jpg 1024w, https:\/\/wertigo.com\/wp-content\/uploads\/2023\/04\/djurpak_14-8x12.jpg 8w, https:\/\/wertigo.com\/wp-content\/uploads\/2023\/04\/djurpak_14.jpg 1311w\" sizes=\"(max-width: 683px) 100vw, 683px\" \/><\/figure>\n\n\n\n<figure class=\"wp-block-image size-large\"><img loading=\"lazy\" decoding=\"async\" width=\"1024\" height=\"683\" data-id=\"1369\" src=\"https:\/\/wertigo.com\/wp-content\/uploads\/2023\/04\/MordseleF_2-1024x683.jpg\" alt=\"\" class=\"wp-image-1369\" srcset=\"https:\/\/wertigo.com\/wp-content\/uploads\/2023\/04\/MordseleF_2-1024x683.jpg 1024w, https:\/\/wertigo.com\/wp-content\/uploads\/2023\/04\/MordseleF_2-300x200.jpg 300w, https:\/\/wertigo.com\/wp-content\/uploads\/2023\/04\/MordseleF_2-768x512.jpg 768w, https:\/\/wertigo.com\/wp-content\/uploads\/2023\/04\/MordseleF_2-1536x1024.jpg 1536w, https:\/\/wertigo.com\/wp-content\/uploads\/2023\/04\/MordseleF_2-18x12.jpg 18w, https:\/\/wertigo.com\/wp-content\/uploads\/2023\/04\/MordseleF_2-600x400.jpg 600w, https:\/\/wertigo.com\/wp-content\/uploads\/2023\/04\/MordseleF_2.jpg 1771w\" sizes=\"(max-width: 1024px) 100vw, 1024px\" \/><\/figure>\n\n\n\n<figure class=\"wp-block-image size-large\"><img loading=\"lazy\" decoding=\"async\" width=\"683\" height=\"1024\" data-id=\"1359\" src=\"https:\/\/wertigo.com\/wp-content\/uploads\/2023\/04\/djurpak_8-683x1024.jpg\" alt=\"\" class=\"wp-image-1359\" srcset=\"https:\/\/wertigo.com\/wp-content\/uploads\/2023\/04\/djurpak_8-683x1024.jpg 683w, https:\/\/wertigo.com\/wp-content\/uploads\/2023\/04\/djurpak_8-200x300.jpg 200w, https:\/\/wertigo.com\/wp-content\/uploads\/2023\/04\/djurpak_8-8x12.jpg 8w, https:\/\/wertigo.com\/wp-content\/uploads\/2023\/04\/djurpak_8.jpg 722w\" sizes=\"(max-width: 683px) 100vw, 683px\" \/><\/figure>\n\n\n\n<figure class=\"wp-block-image size-large\"><img loading=\"lazy\" decoding=\"async\" width=\"1024\" height=\"683\" data-id=\"1352\" src=\"https:\/\/wertigo.com\/wp-content\/uploads\/2023\/04\/djurpak_1-1024x683.jpg\" alt=\"\" class=\"wp-image-1352\" srcset=\"https:\/\/wertigo.com\/wp-content\/uploads\/2023\/04\/djurpak_1-1024x683.jpg 1024w, https:\/\/wertigo.com\/wp-content\/uploads\/2023\/04\/djurpak_1-300x200.jpg 300w, https:\/\/wertigo.com\/wp-content\/uploads\/2023\/04\/djurpak_1-768x512.jpg 768w, https:\/\/wertigo.com\/wp-content\/uploads\/2023\/04\/djurpak_1-1536x1024.jpg 1536w, https:\/\/wertigo.com\/wp-content\/uploads\/2023\/04\/djurpak_1-18x12.jpg 18w, https:\/\/wertigo.com\/wp-content\/uploads\/2023\/04\/djurpak_1-600x400.jpg 600w, https:\/\/wertigo.com\/wp-content\/uploads\/2023\/04\/djurpak_1.jpg 1966w\" sizes=\"(max-width: 1024px) 100vw, 1024px\" \/><\/figure>\n\n\n\n<figure class=\"wp-block-image size-large\"><img loading=\"lazy\" decoding=\"async\" width=\"1024\" height=\"683\" data-id=\"1364\" src=\"https:\/\/wertigo.com\/wp-content\/uploads\/2023\/04\/djurpak_13-1024x683.jpg\" alt=\"\" class=\"wp-image-1364\" srcset=\"https:\/\/wertigo.com\/wp-content\/uploads\/2023\/04\/djurpak_13-1024x683.jpg 1024w, https:\/\/wertigo.com\/wp-content\/uploads\/2023\/04\/djurpak_13-300x200.jpg 300w, https:\/\/wertigo.com\/wp-content\/uploads\/2023\/04\/djurpak_13-768x512.jpg 768w, https:\/\/wertigo.com\/wp-content\/uploads\/2023\/04\/djurpak_13-1536x1024.jpg 1536w, https:\/\/wertigo.com\/wp-content\/uploads\/2023\/04\/djurpak_13-18x12.jpg 18w, https:\/\/wertigo.com\/wp-content\/uploads\/2023\/04\/djurpak_13-600x400.jpg 600w, https:\/\/wertigo.com\/wp-content\/uploads\/2023\/04\/djurpak_13.jpg 1966w\" sizes=\"(max-width: 1024px) 100vw, 1024px\" \/><\/figure>\n\n\n\n<figure class=\"wp-block-image size-large\"><img loading=\"lazy\" decoding=\"async\" width=\"1024\" height=\"683\" data-id=\"1361\" src=\"https:\/\/wertigo.com\/wp-content\/uploads\/2023\/04\/djurpak_10-1024x683.jpg\" alt=\"\" class=\"wp-image-1361\" srcset=\"https:\/\/wertigo.com\/wp-content\/uploads\/2023\/04\/djurpak_10-1024x683.jpg 1024w, https:\/\/wertigo.com\/wp-content\/uploads\/2023\/04\/djurpak_10-300x200.jpg 300w, https:\/\/wertigo.com\/wp-content\/uploads\/2023\/04\/djurpak_10-768x512.jpg 768w, https:\/\/wertigo.com\/wp-content\/uploads\/2023\/04\/djurpak_10-1536x1024.jpg 1536w, https:\/\/wertigo.com\/wp-content\/uploads\/2023\/04\/djurpak_10-18x12.jpg 18w, https:\/\/wertigo.com\/wp-content\/uploads\/2023\/04\/djurpak_10-600x400.jpg 600w, https:\/\/wertigo.com\/wp-content\/uploads\/2023\/04\/djurpak_10.jpg 1783w\" sizes=\"(max-width: 1024px) 100vw, 1024px\" \/><\/figure>\n\n\n\n<figure class=\"wp-block-image size-large\"><img loading=\"lazy\" decoding=\"async\" width=\"1024\" height=\"683\" data-id=\"1351\" src=\"https:\/\/wertigo.com\/wp-content\/uploads\/2023\/04\/djurpak-1024x683.jpg\" alt=\"\" class=\"wp-image-1351\" srcset=\"https:\/\/wertigo.com\/wp-content\/uploads\/2023\/04\/djurpak-1024x683.jpg 1024w, https:\/\/wertigo.com\/wp-content\/uploads\/2023\/04\/djurpak-300x200.jpg 300w, https:\/\/wertigo.com\/wp-content\/uploads\/2023\/04\/djurpak-768x512.jpg 768w, https:\/\/wertigo.com\/wp-content\/uploads\/2023\/04\/djurpak-1536x1024.jpg 1536w, https:\/\/wertigo.com\/wp-content\/uploads\/2023\/04\/djurpak-18x12.jpg 18w, https:\/\/wertigo.com\/wp-content\/uploads\/2023\/04\/djurpak-600x400.jpg 600w, https:\/\/wertigo.com\/wp-content\/uploads\/2023\/04\/djurpak.jpg 1966w\" sizes=\"(max-width: 1024px) 100vw, 1024px\" \/><\/figure>\n\n\n\n<figure class=\"wp-block-image size-large\"><img loading=\"lazy\" decoding=\"async\" width=\"644\" height=\"901\" data-id=\"1354\" src=\"https:\/\/wertigo.com\/wp-content\/uploads\/2023\/04\/djurpak_3.jpg\" alt=\"\" class=\"wp-image-1354\" srcset=\"https:\/\/wertigo.com\/wp-content\/uploads\/2023\/04\/djurpak_3.jpg 644w, https:\/\/wertigo.com\/wp-content\/uploads\/2023\/04\/djurpak_3-214x300.jpg 214w, https:\/\/wertigo.com\/wp-content\/uploads\/2023\/04\/djurpak_3-9x12.jpg 9w\" sizes=\"(max-width: 644px) 100vw, 644px\" \/><\/figure>\n\n\n\n<figure class=\"wp-block-image size-large\"><img loading=\"lazy\" decoding=\"async\" width=\"1024\" height=\"682\" data-id=\"1368\" src=\"https:\/\/wertigo.com\/wp-content\/uploads\/2023\/04\/MordseleF_1-1024x682.jpg\" alt=\"\" class=\"wp-image-1368\" srcset=\"https:\/\/wertigo.com\/wp-content\/uploads\/2023\/04\/MordseleF_1-1024x682.jpg 1024w, https:\/\/wertigo.com\/wp-content\/uploads\/2023\/04\/MordseleF_1-300x200.jpg 300w, https:\/\/wertigo.com\/wp-content\/uploads\/2023\/04\/MordseleF_1-768x512.jpg 768w, https:\/\/wertigo.com\/wp-content\/uploads\/2023\/04\/MordseleF_1-1536x1024.jpg 1536w, https:\/\/wertigo.com\/wp-content\/uploads\/2023\/04\/MordseleF_1-18x12.jpg 18w, https:\/\/wertigo.com\/wp-content\/uploads\/2023\/04\/MordseleF_1-600x400.jpg 600w, https:\/\/wertigo.com\/wp-content\/uploads\/2023\/04\/MordseleF_1.jpg 1772w\" sizes=\"(max-width: 1024px) 100vw, 1024px\" \/><\/figure>\n<\/figure>\n\n\n\n<h2 class=\"wp-block-heading\">Hitta till oss<\/h2>\n\n\n\n<iframe src=\"https:\/\/www.google.com\/maps\/embed?pb=!1m18!1m12!1m3!1d1697.9418617837393!2d18.89755546895455!3d64.8133333770138!2m3!1f0!2f0!3f0!3m2!1i1024!2i768!4f13.1!3m3!1m2!1s0x4679653319e42929%3A0xf3fbe55bc49deb3a!2sStrandv%C3%A4gen%2020%2C%20921%2094%20Rusksele!5e0!3m2!1ssv!2sse!4v1678873050998!5m2!1ssv!2sse\" style=\"border:2;\" allowfullscreen=\"\" loading=\"lazy\" referrerpolicy=\"no-referrer-when-downgrade\" width=\"980\" height=\"450\"><\/iframe>","protected":false},"excerpt":{"rendered":"<p>Midnattssol eller norrsken. H\u00e4r finns ett eget hus med 4 sovrum att hyra och alla bekv\u00e4mligheter d\u00e4rtill. H\u00e4r bor du med naturen som fokus. Huset \u00e4r placerat p\u00e5 uppe p\u00e5 en sl\u00e4nt med fantastik ost\u00f6rd utsikt \u00f6ver Vindel\u00e4lven och Middagsberget. Fem minuters promenad fr\u00e5n matbutik och restaurang 363:an.H\u00e4r kan du fiska, bada, plocka svamp eller b\u00e4r. Allt runt husknuten. I [&hellip;]<\/p>\n","protected":false},"author":1,"featured_media":0,"parent":0,"menu_order":0,"comment_status":"closed","ping_status":"closed","template":"","meta":{"footnotes":""},"class_list":["post-57","page","type-page","status-publish","hentry"],"_links":{"self":[{"href":"https:\/\/wertigo.com\/en\/wp-json\/wp\/v2\/pages\/57","targetHints":{"allow":["GET"]}}],"collection":[{"href":"https:\/\/wertigo.com\/en\/wp-json\/wp\/v2\/pages"}],"about":[{"href":"https:\/\/wertigo.com\/en\/wp-json\/wp\/v2\/types\/page"}],"author":[{"embeddable":true,"href":"https:\/\/wertigo.com\/en\/wp-json\/wp\/v2\/users\/1"}],"replies":[{"embeddable":true,"href":"https:\/\/wertigo.com\/en\/wp-json\/wp\/v2\/comments?post=57"}],"version-history":[{"count":18,"href":"https:\/\/wertigo.com\/en\/wp-json\/wp\/v2\/pages\/57\/revisions"}],"predecessor-version":[{"id":1457,"href":"https:\/\/wertigo.com\/en\/wp-json\/wp\/v2\/pages\/57\/revisions\/1457"}],"wp:attachment":[{"href":"https:\/\/wertigo.com\/en\/wp-json\/wp\/v2\/media?parent=57"}],"curies":[{"name":"wp","href":"https:\/\/api.w.org\/{rel}","templated":true}]}}