{"id":82,"date":"2023-03-16T07:15:53","date_gmt":"2023-03-16T07:15:53","guid":{"rendered":"https:\/\/wertigo.com\/?page_id=82"},"modified":"2023-03-28T22:52:20","modified_gmt":"2023-03-28T21:52:20","slug":"rusksele-by","status":"publish","type":"page","link":"https:\/\/wertigo.com\/en\/rusksele-by\/","title":{"rendered":"Rusksele"},"content":{"rendered":"<p><strong>Rusksele<\/strong> (umesamiska <em>Ruasskuo,<\/em> sydsamiska <em>R\u00e5askoe<\/em>,) \u00e4r en t\u00e4tort vid Vindel\u00e4lvens strand i Lycksele kommun. Det \u00e4r en aktiv by med flera f\u00f6retag, en aff\u00e4r, en skola och en resturang.<br>N\u00e4rmaste flygplats \u00e4r Lycksele flygplats.<br><br>36km fr\u00e5n Lycksele<br>136km fr\u00e5n Skellefte\u00e5<br>144km fr\u00e5n Ume\u00e5<br>746km fr\u00e5n Stockholm<\/p>\n\n\n\n<hr class=\"wp-block-separator has-alpha-channel-opacity\"\/>\n\n\n\n<div class=\"wp-block-media-text alignwide is-stacked-on-mobile is-image-fill\" style=\"grid-template-columns:40% auto\"><figure class=\"wp-block-media-text__media\" style=\"background-image:url(https:\/\/wertigo.com\/wp-content\/uploads\/2023\/03\/20729369_685622811643567_1374067911921178430_n.jpg);background-position:50% 50%\"><img fetchpriority=\"high\" decoding=\"async\" width=\"615\" height=\"615\" src=\"https:\/\/wertigo.com\/wp-content\/uploads\/2023\/03\/20729369_685622811643567_1374067911921178430_n.jpg\" alt=\"\" class=\"wp-image-101 size-full\" srcset=\"https:\/\/wertigo.com\/wp-content\/uploads\/2023\/03\/20729369_685622811643567_1374067911921178430_n.jpg 615w, https:\/\/wertigo.com\/wp-content\/uploads\/2023\/03\/20729369_685622811643567_1374067911921178430_n-300x300.jpg 300w, https:\/\/wertigo.com\/wp-content\/uploads\/2023\/03\/20729369_685622811643567_1374067911921178430_n-150x150.jpg 150w\" sizes=\"(max-width: 615px) 100vw, 615px\" \/><\/figure><div class=\"wp-block-media-text__content\">\n<p><strong>Resturang 363:an<\/strong><br><br>Information om \u00f6ppettider, event och meny. Bes\u00f6k 363:ans facebooksida<br><a href=\"https:\/\/www.facebook.com\/Restaurang363\/reviews\/?ref=page_internal&amp;locale=sv_SE\">363:an p\u00e5 Facebook<\/a><\/p>\n<\/div><\/div>\n\n\n\n<hr class=\"wp-block-separator has-alpha-channel-opacity\"\/>\n\n\n\n<div class=\"wp-block-media-text alignwide has-media-on-the-right is-stacked-on-mobile is-image-fill\" style=\"grid-template-columns:auto 46%\"><div class=\"wp-block-media-text__content\">\n<p><strong>Rusksele Handlarna<\/strong><br><br>Mer information och \u00f6ppettidet:<br><a href=\"https:\/\/www.handlarn.se\/butiker-och-oppettider\/rusksele\">https:\/\/www.handlarn.se\/butiker-och-oppettider\/rusksele<\/a><\/p>\n<\/div><figure class=\"wp-block-media-text__media\" style=\"background-image:url(https:\/\/wertigo.com\/wp-content\/uploads\/2023\/03\/Butik-1024x564.jpg);background-position:50% 50%\"><img decoding=\"async\" width=\"1024\" height=\"564\" src=\"https:\/\/wertigo.com\/wp-content\/uploads\/2023\/03\/Butik-1024x564.jpg\" alt=\"\" class=\"wp-image-102 size-full\" srcset=\"https:\/\/wertigo.com\/wp-content\/uploads\/2023\/03\/Butik-1024x564.jpg 1024w, https:\/\/wertigo.com\/wp-content\/uploads\/2023\/03\/Butik-300x165.jpg 300w, https:\/\/wertigo.com\/wp-content\/uploads\/2023\/03\/Butik-768x423.jpg 768w, https:\/\/wertigo.com\/wp-content\/uploads\/2023\/03\/Butik.jpg 1050w\" sizes=\"(max-width: 1024px) 100vw, 1024px\" \/><\/figure><\/div>\n\n\n\n<hr class=\"wp-block-separator has-alpha-channel-opacity\"\/>\n\n\n\n<h2 class=\"has-text-align-center wp-block-heading\">Bilder Fr\u00e5n byn<\/h2>\n\n\n\n<figure style=\"width:1020px;height:250px\" class=\"wp-block-algori-360-image-block-algori-360-image alignundefined\"><a-scene loading-screen=\"enabled: false;\" device-orientation-permission-ui=\"enabled: false\" embedded=\"\"><a-entity camera=\"\" look-controls=\"reverseMouseDrag: true\"><\/a-entity><a-sky src=\"https:\/\/wertigo.com\/wp-content\/uploads\/2023\/03\/20201023_094018-scaled.jpg\"><\/a-sky><\/a-scene><\/figure>","protected":false},"excerpt":{"rendered":"<p>Rusksele (umesamiska Ruasskuo, sydsamiska R\u00e5askoe,) \u00e4r en t\u00e4tort vid Vindel\u00e4lvens strand i Lycksele kommun. Det \u00e4r en aktiv by med flera f\u00f6retag, en aff\u00e4r, en skola och en resturang.N\u00e4rmaste flygplats \u00e4r Lycksele flygplats. 36km fr\u00e5n Lycksele136km fr\u00e5n Skellefte\u00e5144km fr\u00e5n Ume\u00e5746km fr\u00e5n Stockholm Resturang 363:an Information om \u00f6ppettider, event och meny. Bes\u00f6k 363:ans facebooksida363:an p\u00e5 Facebook Rusksele Handlarna Mer information och [&hellip;]<\/p>\n","protected":false},"author":1,"featured_media":0,"parent":0,"menu_order":0,"comment_status":"closed","ping_status":"closed","template":"","meta":{"footnotes":""},"class_list":["post-82","page","type-page","status-publish","hentry"],"_links":{"self":[{"href":"https:\/\/wertigo.com\/en\/wp-json\/wp\/v2\/pages\/82","targetHints":{"allow":["GET"]}}],"collection":[{"href":"https:\/\/wertigo.com\/en\/wp-json\/wp\/v2\/pages"}],"about":[{"href":"https:\/\/wertigo.com\/en\/wp-json\/wp\/v2\/types\/page"}],"author":[{"embeddable":true,"href":"https:\/\/wertigo.com\/en\/wp-json\/wp\/v2\/users\/1"}],"replies":[{"embeddable":true,"href":"https:\/\/wertigo.com\/en\/wp-json\/wp\/v2\/comments?post=82"}],"version-history":[{"count":22,"href":"https:\/\/wertigo.com\/en\/wp-json\/wp\/v2\/pages\/82\/revisions"}],"predecessor-version":[{"id":1315,"href":"https:\/\/wertigo.com\/en\/wp-json\/wp\/v2\/pages\/82\/revisions\/1315"}],"wp:attachment":[{"href":"https:\/\/wertigo.com\/en\/wp-json\/wp\/v2\/media?parent=82"}],"curies":[{"name":"wp","href":"https:\/\/api.w.org\/{rel}","templated":true}]}}